{"id":439,"date":"2017-09-06T08:48:00","date_gmt":"2017-09-06T08:48:00","guid":{"rendered":"https:\/\/angela.ancorathemes.com\/?page_id=439"},"modified":"2023-03-02T10:20:12","modified_gmt":"2023-03-02T10:20:12","slug":"preguntas-testimonios","status":"publish","type":"page","link":"https:\/\/draglendaherrera.com\/index.php\/preguntas-testimonios\/","title":{"rendered":"Preguntas &#038; Testimonios"},"content":{"rendered":"<p>[vc_row][vc_column][vc_empty_space alter_height=&#8221;medium&#8221; hide_on_desktop=&#8221;&#8221; hide_on_notebook=&#8221;&#8221; hide_on_tablet=&#8221;&#8221; hide_on_mobile=&#8221;&#8221;][\/vc_column][vc_column offset=&#8221;vc_col-md-6&#8243;][vc_single_image image=&#8221;1148&#8243; img_size=&#8221;full&#8221;][\/vc_column][vc_column offset=&#8221;vc_hidden-lg vc_hidden-md&#8221;][vc_empty_space alter_height=&#8221;huge&#8221; hide_on_desktop=&#8221;&#8221; hide_on_notebook=&#8221;&#8221; hide_on_tablet=&#8221;&#8221; hide_on_mobile=&#8221;&#8221;][\/vc_column][vc_column offset=&#8221;vc_col-md-6&#8243;]<div id=\"sc_title_1332027322\"\r\n\t\tclass=\"sc_title color_style_default sc_title_default\"><h6 class=\"sc_item_subtitle sc_title_subtitle sc_align_left sc_item_title_style_default\"><span>Dra. Glenda Herrera<\/span><\/h6><h3 class=\"sc_item_title sc_title_title sc_align_left sc_item_title_style_default\">Preguntas Frecuentes<\/h3><\/div><!-- \/.sc_title -->[vc_empty_space alter_height=&#8221;medium&#8221; hide_on_desktop=&#8221;&#8221; hide_on_notebook=&#8221;&#8221; hide_on_tablet=&#8221;&#8221; hide_on_mobile=&#8221;&#8221;][vc_tta_accordion shape=&#8221;round&#8221; c_icon=&#8221;chevron&#8221; c_position=&#8221;right&#8221; active_section=&#8221;1&#8243;][vc_tta_section title=&#8221;\u00bfD\u00f3nde opera la Dra. Glenda Herrera?&#8221; tab_id=&#8221;1677746766183-f1cb1f52-be01&#8243;][vc_column_text]La Dra. Glenda Herrera realiza cirug\u00edas en distintos hospital y cl\u00ednicas reconocidas de la ciudad, que se ajustan a sus preferencias y presupuesto. Tiene su consultorio en la ciudad de Quito. Torres M\u00e9dicas II del Hospital Metropolitano, cuarto piso, consultorio 410. <a href=\"http:\/\/draglendaherrera.com\/?page_id=298\">Para realizar una cita haz clic aqu\u00ed<\/a>[\/vc_column_text][\/vc_tta_section][vc_tta_section title=&#8221;\u00bfPuedo quedar embarazada despu\u00e9s de la Cirug\u00eda Bari\u00e1trica?&#8221; tab_id=&#8221;1677746593018-5cf20009-07a6&#8243;][vc_column_text]La Cirug\u00eda Bari\u00e1trica permite recuperar la salud y erradicar enfermedades asociadas con la obesidad.\u00a0 La fertilidad de la mujer suele mejorar tras un tratamiento para la p\u00e9rdida de peso.[\/vc_column_text][\/vc_tta_section][vc_tta_section title=&#8221;\u00bfSoy un candidato para la cirug\u00eda de p\u00e9rdida de peso?&#8221; tab_id=&#8221;1498134750982-8ec1bd0b-0ef3&#8243;][vc_column_text]Si usted tiene un sobrepeso importante y quiere hacer un cambio de estilo de vida, puede ser un candidato para la cirug\u00eda bari\u00e1trica. La investigaci\u00f3n apoya los beneficios de la cirug\u00eda de p\u00e9rdida de peso para los pacientes que cumplan los siguientes par\u00e1metros:<\/p>\n<ul>\n<li>\u00cdndice de masa corporal de 35 que se acompa\u00f1a\u00a0 de enfermedades como diabetes tipo 2, apnea obstructiva del sue\u00f1o, presi\u00f3n arterial alta, osteoartritis y otras condiciones relacionadas con la obesidad.<\/li>\n<li>\u00cdndice de Masa Corporal de m\u00e1s de 40.<\/li>\n<li>Si tiene m\u00e1s de 100 libras sobre su peso corporal ideal.<\/li>\n<li>No puede lograr un peso corporal saludable durante un per\u00edodo prolongado de tiempo, incluso a trav\u00e9s de una dieta supervisada por un m\u00e9dico.<\/li>\n<\/ul>\n<p>[\/vc_column_text][\/vc_tta_section][vc_tta_section title=&#8221;\u00bfCu\u00e1nto tiempo tarda la recuperaci\u00f3n de una cirug\u00eda?&#8221; tab_id=&#8221;1501673685938-c4ed9451-8858&#8243;][vc_column_text]La recuperaci\u00f3n var\u00eda seg\u00fan el procedimiento, pero por lo general, los pacientes pueden regresar al trabajo aproximadamente una o dos semanas despu\u00e9s de su procedimiento, dependiendo del tipo de trabajo que realicen. Sin embargo, se recomienda evitar el ejercicio extenuante durante aproximadamente seis semanas despu\u00e9s de la cirug\u00eda.[\/vc_column_text][\/vc_tta_section][\/vc_tta_accordion][\/vc_column][\/vc_row][vc_row][vc_column][vc_empty_space alter_height=&#8221;large&#8221; hide_on_desktop=&#8221;&#8221; hide_on_notebook=&#8221;&#8221; hide_on_tablet=&#8221;&#8221; hide_on_mobile=&#8221;&#8221; css=&#8221;.vc_custom_1511537369446{margin-bottom: 1.25rem !important;}&#8221;][\/vc_column][\/vc_row][vc_row full_width=&#8221;stretch_row&#8221; hide_bg_image_on_tablet=&#8221;&#8221; hide_bg_image_on_mobile=&#8221;&#8221; css=&#8221;.vc_custom_1591161928697{background-color: #deeaf8 !important;}&#8221;][vc_column icons_position=&#8221;left&#8221;][vc_empty_space alter_height=&#8221;huge&#8221; hide_on_desktop=&#8221;&#8221; hide_on_notebook=&#8221;&#8221; hide_on_tablet=&#8221;&#8221; hide_on_mobile=&#8221;&#8221;]<div class=\"sc_team color_style_default sc_team_default\"><h6 class=\"sc_item_subtitle sc_team_subtitle sc_align_center sc_item_title_style_default\"><span>Dra. Glenda Herrera<\/span><\/h6><h3 class=\"sc_item_title sc_team_title sc_align_center sc_item_title_style_default\">TESTIMONIOS<\/h3><div class=\"sc_team_columns_wrap sc_item_columns trx_addons_columns_wrap columns_padding_bottom\"><div class=\"trx_addons_column-1_4\"><div class=\"sc_team_item\">\r\n\t<div class=\"post_featured with_thumb hover_icon sc_team_item_thumb\"><img loading=\"lazy\" decoding=\"async\" width=\"297\" height=\"355\" src=\"https:\/\/draglendaherrera.com\/wp-content\/uploads\/2017\/09\/glendaherrera-tes1-297x355.jpg\" class=\"attachment-angela-thumb-team size-angela-thumb-team wp-post-image\" alt=\"\" \/><div class=\"mask\"><\/div><div class=\"icons\"><a href=\"https:\/\/draglendaherrera.com\/index.php\/team\/testimonio-gloria-checa\/\" aria-hidden=\"true\" class=\"icon-view\"><\/a><\/div><\/div>\t<div class=\"sc_team_item_info\">\r\n\t\t<div class=\"sc_team_item_header\">\r\n\t\t\t<h4 class=\"sc_team_item_title\"><a href=\"https:\/\/draglendaherrera.com\/index.php\/team\/testimonio-gloria-checa\/\">Gloria Checa<\/a><\/h4>\r\n\t\t\t<div class=\"sc_team_item_subtitle\">QUITO \u2013 ECUADOR<\/div>\r\n\t\t<\/div>\r\n\t\t<div class=\"sc_team_item_content\"><p>(Lee el testimonio completo) Sinceramente, despu\u00e9s de perder de 98 a 86 kilos en casi un mes, no solo perd\u00ed peso, perd\u00ed lo malo y gan\u00e9 un nuevo estilo de vida. Ya no tomo, fumo, como chatarra ni cola.<\/p>\n<\/div>\r\n\t\t<div class=\"sc_team_item_socials socials_wrap\"><\/div>\t\t<div class=\"sc_team_item_button\"><a href=\"https:\/\/draglendaherrera.com\/index.php\/team\/testimonio-gloria-checa\/\" class=\"sc_button sc_button_simple\">Learn more<\/a><\/div>\r\n\t<\/div>\r\n<\/div>\r\n<\/div><div class=\"trx_addons_column-1_4\"><div class=\"sc_team_item\">\r\n\t<div class=\"post_featured with_thumb hover_icon sc_team_item_thumb\"><img loading=\"lazy\" decoding=\"async\" width=\"297\" height=\"355\" src=\"https:\/\/draglendaherrera.com\/wp-content\/uploads\/2017\/09\/WhatsApp-Image-2023-02-17-at-11.36.03-297x355.jpeg\" class=\"attachment-angela-thumb-team size-angela-thumb-team wp-post-image\" alt=\"\" \/><div class=\"mask\"><\/div><div class=\"icons\"><a href=\"https:\/\/draglendaherrera.com\/index.php\/team\/manuel-orellana-testimonios\/\" aria-hidden=\"true\" class=\"icon-view\"><\/a><\/div><\/div>\t<div class=\"sc_team_item_info\">\r\n\t\t<div class=\"sc_team_item_header\">\r\n\t\t\t<h4 class=\"sc_team_item_title\"><a href=\"https:\/\/draglendaherrera.com\/index.php\/team\/manuel-orellana-testimonios\/\">Manuel Orellana<\/a><\/h4>\r\n\t\t\t<div class=\"sc_team_item_subtitle\">CUENCA \u2013 ECUADOR<\/div>\r\n\t\t<\/div>\r\n\t\t<div class=\"sc_team_item_content\"><p>(Lee el testimonio completo) Soy Manuel Orellana,  tengo 24 a\u00f1os, soy de Cuenca. Hace 8 d\u00edas (febrero 2023) me operaron y he bajado ya 12 libras. <\/p>\n<\/div>\r\n\t\t<div class=\"sc_team_item_socials socials_wrap\"><\/div>\t\t<div class=\"sc_team_item_button\"><a href=\"https:\/\/draglendaherrera.com\/index.php\/team\/manuel-orellana-testimonios\/\" class=\"sc_button sc_button_simple\">Learn more<\/a><\/div>\r\n\t<\/div>\r\n<\/div>\r\n<\/div><div class=\"trx_addons_column-1_4\"><div class=\"sc_team_item\">\r\n\t<div class=\"post_featured with_thumb hover_icon sc_team_item_thumb\"><img loading=\"lazy\" decoding=\"async\" width=\"297\" height=\"355\" src=\"https:\/\/draglendaherrera.com\/wp-content\/uploads\/2017\/09\/IMG_0651-copia-297x355.jpg\" class=\"attachment-angela-thumb-team size-angela-thumb-team wp-post-image\" alt=\"\" \/><div class=\"mask\"><\/div><div class=\"icons\"><a href=\"https:\/\/draglendaherrera.com\/index.php\/team\/maria-ruiz-testimonios\/\" aria-hidden=\"true\" class=\"icon-view\"><\/a><\/div><\/div>\t<div class=\"sc_team_item_info\">\r\n\t\t<div class=\"sc_team_item_header\">\r\n\t\t\t<h4 class=\"sc_team_item_title\"><a href=\"https:\/\/draglendaherrera.com\/index.php\/team\/maria-ruiz-testimonios\/\">Mar\u00eda Constanza Ru\u00edz<\/a><\/h4>\r\n\t\t\t<div class=\"sc_team_item_subtitle\">BOGOTA \u2013 COLOMBIA<\/div>\r\n\t\t<\/div>\r\n\t\t<div class=\"sc_team_item_content\"><p>(Lee el testimonio completo) Me han hecho la mujer m\u00e1s feliz y sana del mundo, creo en mi de nuevo, no m\u00e1s sacrificios ni matadas de hambre.<br \/>\nLa mejor decisi\u00f3n de mi vida fue hacerme la cirug\u00eda, tom\u00e9 esta decisi\u00f3n en 15 minutos, pero es la m\u00e1s acertada.<\/p>\n<\/div>\r\n\t\t<div class=\"sc_team_item_socials socials_wrap\"><\/div>\t\t<div class=\"sc_team_item_button\"><a href=\"https:\/\/draglendaherrera.com\/index.php\/team\/maria-ruiz-testimonios\/\" class=\"sc_button sc_button_simple\">Learn more<\/a><\/div>\r\n\t<\/div>\r\n<\/div>\r\n<\/div><div class=\"trx_addons_column-1_4\"><div class=\"sc_team_item\">\r\n\t<div class=\"post_featured with_thumb hover_icon sc_team_item_thumb\"><img loading=\"lazy\" decoding=\"async\" width=\"297\" height=\"355\" src=\"https:\/\/draglendaherrera.com\/wp-content\/uploads\/2017\/09\/IMG_0668-297x355.jpg\" class=\"attachment-angela-thumb-team size-angela-thumb-team wp-post-image\" alt=\"\" \/><div class=\"mask\"><\/div><div class=\"icons\"><a href=\"https:\/\/draglendaherrera.com\/index.php\/team\/padre-jose-testimonio\/\" aria-hidden=\"true\" class=\"icon-view\"><\/a><\/div><\/div>\t<div class=\"sc_team_item_info\">\r\n\t\t<div class=\"sc_team_item_header\">\r\n\t\t\t<h4 class=\"sc_team_item_title\"><a href=\"https:\/\/draglendaherrera.com\/index.php\/team\/padre-jose-testimonio\/\">Padre Jos\u00e9 Rolando Arcos<\/a><\/h4>\r\n\t\t\t<div class=\"sc_team_item_subtitle\">GALAPAGOS - ECUADOR<\/div>\r\n\t\t<\/div>\r\n\t\t<div class=\"sc_team_item_content\"><p>(Lee el testimonio completo) Me es muy hermoso el poder contar con su ayuda y con su gentileza, solo me queda decirles que Dios les bendiga y que sigan ayudando a m\u00e1s personas<\/p>\n<\/div>\r\n\t\t<div class=\"sc_team_item_socials socials_wrap\"><\/div>\t\t<div class=\"sc_team_item_button\"><a href=\"https:\/\/draglendaherrera.com\/index.php\/team\/padre-jose-testimonio\/\" class=\"sc_button sc_button_simple\">Learn more<\/a><\/div>\r\n\t<\/div>\r\n<\/div>\r\n<\/div><\/div><\/div><!-- \/.sc_team -->[vc_empty_space alter_height=&#8221;huge&#8221; hide_on_desktop=&#8221;&#8221; hide_on_notebook=&#8221;&#8221; hide_on_tablet=&#8221;&#8221; hide_on_mobile=&#8221;&#8221; css=&#8221;.vc_custom_1511535920247{margin-bottom: -2.8rem !important;}&#8221;][\/vc_column][\/vc_row][vc_row full_width=&#8221;stretch_row&#8221; scheme=&#8221;dark&#8221; hide_bg_image_on_tablet=&#8221;&#8221; hide_bg_image_on_mobile=&#8221;&#8221; css=&#8221;.vc_custom_1677752407239{background-image: url(https:\/\/draglendaherrera.com\/wp-content\/uploads\/2023\/03\/PORTADA3.jpg?id=1176) !important;background-position: top left !important;background-repeat: no-repeat !important;background-size: cover !important;}&#8221;][vc_column offset=&#8221;vc_col-md-offset-2 vc_col-md-8&#8243;][vc_empty_space alter_height=&#8221;huge&#8221; hide_on_desktop=&#8221;&#8221; hide_on_notebook=&#8221;&#8221; hide_on_tablet=&#8221;&#8221; hide_on_mobile=&#8221;&#8221; css=&#8221;.vc_custom_1511536539576{margin-bottom: -1rem !important;}&#8221;]<div class=\"sc_testimonials color_style_default sc_testimonials_default\"><h6 class=\"sc_item_subtitle sc_testimonials_subtitle sc_align_center sc_item_title_style_default\"><span>Dra. Glenda Herrera<\/span><\/h6><h1 class=\"sc_item_title sc_testimonials_title sc_align_center sc_item_title_style_default sc_item_title_tag\">Muchos m\u00e1s testimonios<\/h1><div class=\"sc_testimonials_slider sc_item_slider slider_swiper_outer slider_outer slider_outer_nocontrols slider_outer_pagination slider_outer_pagination_bullets slider_outer_pagination_pos_bottom slider_outer_one\">\r\n\t<div class=\"slider_container swiper-slider-container slider_swiper slider_noresize slider_nocontrols slider_pagination slider_pagination_bullets slider_pagination_pos_bottom slider_one\" data-slides-min-width=\"290\" data-pagination=\"bullets\">\r\n\t\t<div class=\"slides slider-wrapper swiper-wrapper sc_item_columns_1\"><div class=\"slider-slide swiper-slide\"><div class=\"sc_testimonials_item\">\n            <div class=\"sc_testimonials_item_author_avatar\"><img loading=\"lazy\" decoding=\"async\" width=\"180\" height=\"180\" src=\"https:\/\/draglendaherrera.com\/wp-content\/uploads\/2023\/03\/IMG_0713-scaled-e1677751367621-180x180.jpg\" class=\"attachment-angela-thumb-tiny size-angela-thumb-tiny wp-post-image\" alt=\"Emilio Vinueza\" srcset=\"https:\/\/draglendaherrera.com\/wp-content\/uploads\/2023\/03\/IMG_0713-scaled-e1677751367621-180x180.jpg 180w, https:\/\/draglendaherrera.com\/wp-content\/uploads\/2023\/03\/IMG_0713-scaled-e1677751367621-160x160.jpg 160w, https:\/\/draglendaherrera.com\/wp-content\/uploads\/2023\/03\/IMG_0713-scaled-e1677751367621-370x370.jpg 370w\" sizes=\"auto, (max-width: 180px) 100vw, 180px\" \/><\/div>\n    \t<div class=\"sc_testimonials_item_content\"><p>Dra. Herrera:<\/p>\n<p>Gracias por la operaci\u00f3n, result\u00f3 excelente durante este primer a\u00f1o ha cambiado mi vida radicalmente. Ya no siento dolores en la columna por el sobre peso ni tampoco esa angustia de comer y comer. Con poca cantidad me basta, no dudar\u00eda jam\u00e1s si tuviera que hacerlo, que pena que no conoc\u00ed antes esta cirug\u00eda.<\/p>\n<p>Con gratitud:<\/p>\n<\/div>\n\t<div class=\"sc_testimonials_item_author\">\n\n\t\t<div class=\"sc_testimonials_item_author_data\">\n\t\t\t<h5 class=\"sc_testimonials_item_author_title\">Emilio Vinueza<\/h5>\n\t\t\t<div class=\"sc_testimonials_item_author_subtitle\"><\/div>\n\t\t<\/div>\n\t<\/div>\n<\/div>\n<\/div><div class=\"slider-slide swiper-slide\"><div class=\"sc_testimonials_item\">\n            <div class=\"sc_testimonials_item_author_avatar\"><img loading=\"lazy\" decoding=\"async\" width=\"180\" height=\"180\" src=\"https:\/\/draglendaherrera.com\/wp-content\/uploads\/2017\/09\/IMG_0668-180x180.jpg\" class=\"attachment-angela-thumb-tiny size-angela-thumb-tiny wp-post-image\" alt=\"Alexander Tapia\" srcset=\"https:\/\/draglendaherrera.com\/wp-content\/uploads\/2017\/09\/IMG_0668-180x180.jpg 180w, https:\/\/draglendaherrera.com\/wp-content\/uploads\/2017\/09\/IMG_0668-160x160.jpg 160w, https:\/\/draglendaherrera.com\/wp-content\/uploads\/2017\/09\/IMG_0668-370x370.jpg 370w\" sizes=\"auto, (max-width: 180px) 100vw, 180px\" \/><\/div>\n    \t<div class=\"sc_testimonials_item_content\"><p>Hola, soy Alexander Tapia, pero la desesperaci\u00f3n por haber engordado tanto me llev\u00f3 a tomar la mejor decisi\u00f3n de mi vida, ahora estoy feliz, me oper\u00e9 hace 4 meses y he bajado 48 libras, le aconsejo sin pensarlo dos veces a todos los que necesiten la operaci\u00f3n que se la hagan,, me siento sano, feliz de lo m\u00e1s normal, no tengo problemas al comer y estoy mucho m\u00e1s \u00e1gil y con mi autoestima por los cielos.<\/p>\n<p>Gracias Dra. Glenda Herrera, ella\u00a0 es una excelente m\u00e9dica con a\u00f1os de experiencia y gracias a todo su equipo. Si alguien a\u00fan duda en hacerse la operaci\u00f3n pueden llamarme al 098 788 0304<\/p>\n<\/div>\n\t<div class=\"sc_testimonials_item_author\">\n\n\t\t<div class=\"sc_testimonials_item_author_data\">\n\t\t\t<h5 class=\"sc_testimonials_item_author_title\">Alexander Tapia<\/h5>\n\t\t\t<div class=\"sc_testimonials_item_author_subtitle\"><\/div>\n\t\t<\/div>\n\t<\/div>\n<\/div>\n<\/div><\/div><\/div><div class=\"slider_pagination_wrap swiper-pagination\"><\/div><\/div><\/div><!-- \/.sc_testimonials -->[vc_empty_space alter_height=&#8221;huge&#8221; hide_on_desktop=&#8221;&#8221; hide_on_notebook=&#8221;&#8221; hide_on_tablet=&#8221;&#8221; hide_on_mobile=&#8221;&#8221; css=&#8221;.vc_custom_1511536669492{margin-top: -2.8em !important;}&#8221;][\/vc_column][\/vc_row][vc_row][vc_column][vc_separator border_width=&#8221;2&#8243; css=&#8221;.vc_custom_1591162085740{margin-bottom: 7.1em !important;}&#8221;][\/vc_column][\/vc_row][vc_row][vc_column icons_position=&#8221;left&#8221;]<div  id=\"sc_action_892290536\" \r\n\tclass=\"sc_action color_style_default sc_action_simple\"><div class=\"sc_action_content sc_item_content\"><div class=\"sc_action_item sc_action_item_simple sc_action_item_ml\">\r\n\t\t\t<div class=\"sc_action_item_image\"><img loading=\"lazy\" decoding=\"async\" src=\"https:\/\/draglendaherrera.com\/wp-content\/uploads\/2017\/09\/send-a-message.png\" alt=\"\" width=\"96\" height=\"96\"><\/div><h3 class=\"sc_action_item_title\"><span>\u00bfDeseas agendar una Cita?<\/span><\/h3><div class=\"sc_action_item_description\"><span>Ingresa al link y d\u00e9janos tus datos, estaremos felices de atenderte<\/span><\/div><a href=\"https:\/\/draglendaherrera.com\/index.php\/agenda-una-cita\/\" class=\"sc_action_item_link sc_button sc_button_size_small\">AGENDA UNA CITA<\/a><\/div><\/div><\/div><!-- \/.sc_action -->[\/vc_column][\/vc_row][vc_row][vc_column][vc_empty_space alter_height=&#8221;large&#8221; hide_on_desktop=&#8221;&#8221; hide_on_notebook=&#8221;&#8221; hide_on_tablet=&#8221;&#8221; hide_on_mobile=&#8221;&#8221; css=&#8221;.vc_custom_1511537369446{margin-bottom: 1.25rem !important;}&#8221;][\/vc_column][\/vc_row][vc_row full_width=&#8221;stretch_row_content_no_spaces&#8221; css=&#8221;.vc_custom_1504687007414{background-color: #deeaf8 !important;}&#8221;][vc_column icons_position=&#8221;left&#8221;][vc_empty_space alter_height=&#8221;huge&#8221; hide_on_desktop=&#8221;&#8221; hide_on_notebook=&#8221;&#8221; hide_on_tablet=&#8221;&#8221; hide_on_mobile=&#8221;&#8221;]<div id=\"sc_title_766503659\"\r\n\t\tclass=\"sc_title color_style_default sc_title_default\"><h6 class=\"sc_item_subtitle sc_title_subtitle sc_align_center sc_item_title_style_default\"><span>Dra. Glenda Herrera<\/span><\/h6><h3 class=\"sc_item_title sc_title_title sc_align_center sc_item_title_style_default\">Blog & Noticias<\/h3><\/div><!-- \/.sc_title -->[vc_empty_space alter_height=&#8221;medium&#8221; hide_on_desktop=&#8221;&#8221; hide_on_notebook=&#8221;&#8221; hide_on_tablet=&#8221;&#8221; hide_on_mobile=&#8221;&#8221; css=&#8221;.vc_custom_1511860820142{margin-top: 2rem !important;}&#8221;]<div id=\"widget_recent_news_1456462025\" class=\"sc_recent_news sc_recent_news_style_news-portfolio sc_recent_news_with_accented\"><div class=\"sc_recent_news_columns_wrap trx_addons_columns_wrap\"><div class=\"trx_addons_column-1_3\"><article \n\tclass=\"post_item post_layout_news-portfolio post_format_standard post-226 post type-post status-publish format-standard has-post-thumbnail hentry category-blog-dra-glenda-herrera category-parental\"\t\t>\n\n\t<div class=\"post_featured with_thumb hover_icon\"><img loading=\"lazy\" decoding=\"async\" width=\"624\" height=\"426\" src=\"https:\/\/draglendaherrera.com\/wp-content\/uploads\/2017\/09\/hernias-blog-draglendaherrera-624x426.webp\" class=\"attachment-angela-thumb-recent size-angela-thumb-recent wp-post-image\" alt=\"\" \/><div class=\"mask\"><\/div><div class=\"icons\"><a href=\"https:\/\/draglendaherrera.com\/index.php\/2017\/09\/04\/prevencion-hernias\/\" aria-hidden=\"true\" class=\"icon-view\"><\/a><\/div><div class=\"post_info\"><span class=\"post_categories\"><a href=\"https:\/\/draglendaherrera.com\/index.php\/category\/blog-dra-glenda-herrera\/\" title=\"View all posts in Blog - Dra. Glenda Herrera\">Blog - Dra. Glenda Herrera<\/a> <a href=\"https:\/\/draglendaherrera.com\/index.php\/category\/parental\/\" title=\"View all posts in Parental\">Parental<\/a><\/span><a href=\"https:\/\/draglendaherrera.com\/index.php\/2017\/09\/04\/prevencion-hernias\/#respond\"><span class=\"post_counters_number\">0<\/span> <span class=\"post_counters_label\">Comments<\/span><\/a><h5 class=\"post_title entry-title\"><a href=\"https:\/\/draglendaherrera.com\/index.php\/2017\/09\/04\/prevencion-hernias\/\" rel=\"bookmark\">Prevenci\u00f3n de Hernias<\/a><\/h5><\/div><\/div><\/article><\/div><div class=\"trx_addons_column-1_3\"><article \n\tclass=\"post_item post_layout_news-portfolio post_format_standard post-231 post type-post status-publish format-standard has-post-thumbnail hentry category-blog-dra-glenda-herrera category-parental\"\t\t>\n\n\t<div class=\"post_featured with_thumb hover_icon\"><img loading=\"lazy\" decoding=\"async\" width=\"624\" height=\"426\" src=\"https:\/\/draglendaherrera.com\/wp-content\/uploads\/2017\/08\/cirugia-robotica-draglendaherrera-624x426.webp\" class=\"attachment-angela-thumb-recent size-angela-thumb-recent wp-post-image\" alt=\"\" \/><div class=\"mask\"><\/div><div class=\"icons\"><a href=\"https:\/\/draglendaherrera.com\/index.php\/2017\/08\/26\/beneficios-cirugia-robotica\/\" aria-hidden=\"true\" class=\"icon-view\"><\/a><\/div><div class=\"post_info\"><span class=\"post_categories\"><a href=\"https:\/\/draglendaherrera.com\/index.php\/category\/blog-dra-glenda-herrera\/\" title=\"View all posts in Blog - Dra. Glenda Herrera\">Blog - Dra. Glenda Herrera<\/a> <a href=\"https:\/\/draglendaherrera.com\/index.php\/category\/parental\/\" title=\"View all posts in Parental\">Parental<\/a><\/span><a href=\"https:\/\/draglendaherrera.com\/index.php\/2017\/08\/26\/beneficios-cirugia-robotica\/#respond\"><span class=\"post_counters_number\">0<\/span> <span class=\"post_counters_label\">Comments<\/span><\/a><h5 class=\"post_title entry-title\"><a href=\"https:\/\/draglendaherrera.com\/index.php\/2017\/08\/26\/beneficios-cirugia-robotica\/\" rel=\"bookmark\">Beneficios de la Cirug\u00eda Rob\u00f3tica<\/a><\/h5><\/div><\/div><\/article><\/div><div class=\"trx_addons_column-1_3\"><article \n\tclass=\"post_item post_layout_news-portfolio post_format_standard post-242 post type-post status-publish format-standard has-post-thumbnail hentry category-blog-dra-glenda-herrera category-parental\"\t\t>\n\n\t<div class=\"post_featured with_thumb hover_icon\"><img loading=\"lazy\" decoding=\"async\" width=\"624\" height=\"426\" src=\"https:\/\/draglendaherrera.com\/wp-content\/uploads\/2017\/08\/tipos-de-dietas-draglendaherrera-624x426.jpeg\" class=\"attachment-angela-thumb-recent size-angela-thumb-recent wp-post-image\" alt=\"\" \/><div class=\"mask\"><\/div><div class=\"icons\"><a href=\"https:\/\/draglendaherrera.com\/index.php\/2023\/03\/01\/dieta-luego-de-cirugia\/\" aria-hidden=\"true\" class=\"icon-view\"><\/a><\/div><div class=\"post_info\"><span class=\"post_categories\"><a href=\"https:\/\/draglendaherrera.com\/index.php\/category\/blog-dra-glenda-herrera\/\" title=\"View all posts in Blog - Dra. Glenda Herrera\">Blog - Dra. Glenda Herrera<\/a> <a href=\"https:\/\/draglendaherrera.com\/index.php\/category\/parental\/\" title=\"View all posts in Parental\">Parental<\/a><\/span><a href=\"https:\/\/draglendaherrera.com\/index.php\/2023\/03\/01\/dieta-luego-de-cirugia\/#respond\"><span class=\"post_counters_number\">0<\/span> <span class=\"post_counters_label\">Comments<\/span><\/a><h5 class=\"post_title entry-title\"><a href=\"https:\/\/draglendaherrera.com\/index.php\/2023\/03\/01\/dieta-luego-de-cirugia\/\" rel=\"bookmark\"><strong>\u00bf<\/strong>C\u00f3mo es la dieta luego de una intervenci\u00f3n quir\u00fargica?<\/a><\/h5><\/div><\/div><\/article><\/div><\/div><!-- \/.columns_wrap --><\/div><!-- \/.sc_recent_news -->[vc_empty_space alter_height=&#8221;huge&#8221; hide_on_desktop=&#8221;&#8221; hide_on_notebook=&#8221;&#8221; hide_on_tablet=&#8221;&#8221; hide_on_mobile=&#8221;&#8221;][\/vc_column][\/vc_row]<\/p>\n","protected":false},"excerpt":{"rendered":"<p>[vc_row][vc_column][vc_empty_space alter_height=&#8221;medium&#8221; hide_on_desktop=&#8221;&#8221; hide_on_notebook=&#8221;&#8221; hide_on_tablet=&#8221;&#8221; hide_on_mobile=&#8221;&#8221;][\/vc_column][vc_column offset=&#8221;vc_col-md-6&#8243;][vc_single_image image=&#8221;1148&#8243; img_size=&#8221;full&#8221;][\/vc_column][vc_column offset=&#8221;vc_hidden-lg vc_hidden-md&#8221;][vc_empty_space alter_height=&#8221;huge&#8221; hide_on_desktop=&#8221;&#8221; hide_on_notebook=&#8221;&#8221; hide_on_tablet=&#8221;&#8221; hide_on_mobile=&#8221;&#8221;][\/vc_column][vc_column offset=&#8221;vc_col-md-6&#8243;][vc_empty_space alter_height=&#8221;medium&#8221; hide_on_desktop=&#8221;&#8221; hide_on_notebook=&#8221;&#8221; hide_on_tablet=&#8221;&#8221; hide_on_mobile=&#8221;&#8221;][vc_tta_accordion shape=&#8221;round&#8221; c_icon=&#8221;chevron&#8221; c_position=&#8221;right&#8221; active_section=&#8221;1&#8243;][vc_tta_section title=&#8221;\u00bfD\u00f3nde opera la Dra. Glenda Herrera?&#8221; tab_id=&#8221;1677746766183-f1cb1f52-be01&#8243;][vc_column_text]La Dra. Glenda Herrera realiza cirug\u00edas en distintos hospital y cl\u00ednicas reconocidas de la ciudad, que se ajustan a sus preferencias y presupuesto. Tiene su consultorio en la&hellip;<\/p>\n","protected":false},"author":1,"featured_media":0,"parent":0,"menu_order":0,"comment_status":"closed","ping_status":"closed","template":"","meta":{"footnotes":""},"class_list":["post-439","page","type-page","status-publish","hentry"],"_links":{"self":[{"href":"https:\/\/draglendaherrera.com\/index.php\/wp-json\/wp\/v2\/pages\/439","targetHints":{"allow":["GET"]}}],"collection":[{"href":"https:\/\/draglendaherrera.com\/index.php\/wp-json\/wp\/v2\/pages"}],"about":[{"href":"https:\/\/draglendaherrera.com\/index.php\/wp-json\/wp\/v2\/types\/page"}],"author":[{"embeddable":true,"href":"https:\/\/draglendaherrera.com\/index.php\/wp-json\/wp\/v2\/users\/1"}],"replies":[{"embeddable":true,"href":"https:\/\/draglendaherrera.com\/index.php\/wp-json\/wp\/v2\/comments?post=439"}],"version-history":[{"count":17,"href":"https:\/\/draglendaherrera.com\/index.php\/wp-json\/wp\/v2\/pages\/439\/revisions"}],"predecessor-version":[{"id":1177,"href":"https:\/\/draglendaherrera.com\/index.php\/wp-json\/wp\/v2\/pages\/439\/revisions\/1177"}],"wp:attachment":[{"href":"https:\/\/draglendaherrera.com\/index.php\/wp-json\/wp\/v2\/media?parent=439"}],"curies":[{"name":"wp","href":"https:\/\/api.w.org\/{rel}","templated":true}]}}