{"id":410,"date":"2017-09-05T15:34:56","date_gmt":"2017-09-05T15:34:56","guid":{"rendered":"https:\/\/angela.ancorathemes.com\/?page_id=410"},"modified":"2023-03-02T20:39:37","modified_gmt":"2023-03-02T20:39:37","slug":"dra-glenda-herrera","status":"publish","type":"page","link":"https:\/\/draglendaherrera.com\/index.php\/dra-glenda-herrera\/","title":{"rendered":"Dra. Glenda Herrera"},"content":{"rendered":"<p>[vc_row][vc_column][vc_empty_space alter_height=&#8221;medium&#8221; hide_on_desktop=&#8221;&#8221; hide_on_notebook=&#8221;&#8221; hide_on_tablet=&#8221;&#8221; hide_on_mobile=&#8221;&#8221;][\/vc_column][\/vc_row][vc_row][vc_column][vc_column_text]<\/p>\n<p>[\/vc_column_text][\/vc_column][\/vc_row][vc_row][vc_column icons_position=&#8221;left&#8221; offset=&#8221;vc_col-md-offset-2 vc_col-md-8&#8243;]<div id=\"sc_title_1095477120\"\r\n\t\tclass=\"sc_title color_style_default sc_title_default  vc_custom_1677786333711\"><h6 class=\"sc_item_subtitle sc_title_subtitle sc_align_center sc_item_title_style_default\"><span>Dra. Glenda Herrera<\/span><\/h6><h3 class=\"sc_item_title sc_title_title sc_align_center sc_item_title_style_default\">Conoce a la Dra. Glenda Herrera<\/h3><\/div><!-- \/.sc_title -->[vc_empty_space alter_height=&#8221;large&#8221; hide_on_desktop=&#8221;&#8221; hide_on_notebook=&#8221;&#8221; hide_on_tablet=&#8221;&#8221; hide_on_mobile=&#8221;&#8221; css=&#8221;.vc_custom_1511774637018{margin-bottom: 0.7rem !important;}&#8221;][\/vc_column][\/vc_row][vc_row equal_height=&#8221;yes&#8221;][vc_column hide_bg_image_on_tablet=&#8221;&#8221; hide_bg_image_on_mobile=&#8221;&#8221; icons_position=&#8221;left&#8221; offset=&#8221;vc_col-md-7&#8243;][vc_images_carousel images=&#8221;1260,1261,1263&#8243; img_size=&#8221;full&#8221;][\/vc_column][vc_column icons_position=&#8221;left&#8221; offset=&#8221;vc_hidden-lg vc_hidden-md&#8221;][vc_empty_space alter_height=&#8221;huge&#8221; hide_on_desktop=&#8221;&#8221; hide_on_notebook=&#8221;&#8221; hide_on_tablet=&#8221;&#8221; hide_on_mobile=&#8221;&#8221;][\/vc_column][vc_column hide_bg_image_on_tablet=&#8221;&#8221; hide_bg_image_on_mobile=&#8221;&#8221; icons_position=&#8221;left&#8221; offset=&#8221;vc_col-md-5&#8243;]<div id=\"sc_content_1818612847\"\r\n\t\tclass=\"sc_content color_style_default sc_content_default sc_float_center sc_padding_medium  vc_custom_1511774263735\"><div class=\"sc_content_container\">[vc_single_image image=&#8221;1089&#8243; img_size=&#8221;full&#8221; alignment=&#8221;center&#8221;][vc_empty_space alter_height=&#8221;small&#8221; hide_on_desktop=&#8221;&#8221; hide_on_notebook=&#8221;&#8221; hide_on_tablet=&#8221;&#8221; hide_on_mobile=&#8221;&#8221; css=&#8221;.vc_custom_1511774693460{margin-bottom: 0.7rem !important;}&#8221;][vc_column_text]<\/p>\n<h5 class=\"trx_addons_no_margin\" style=\"text-align: center;\">Cirug\u00eda General,<\/h5>\n<h5 class=\"trx_addons_no_margin\" style=\"text-align: center;\">Laparosc\u00f3pica,<\/h5>\n<h5 class=\"trx_addons_no_margin\" style=\"text-align: center;\">Cirug\u00eda de la Obesidad<\/h5>\n<h5 class=\"trx_addons_no_margin\" style=\"text-align: center;\">y Enfermedades Metab\u00f3licas<\/h5>\n<p>[\/vc_column_text][vc_empty_space hide_on_desktop=&#8221;&#8221; hide_on_notebook=&#8221;&#8221; hide_on_tablet=&#8221;&#8221; hide_on_mobile=&#8221;&#8221;][vc_column_text]<\/p>\n<ul>\n<li style=\"text-align: left;\">Doctora en Medicina por la Universidad Central del Ecuador.<\/li>\n<li style=\"text-align: left;\">Cirujana General por la Universidad Nacional de Loja en el Hospital Metropolitano. Quito \u2013 Ecuador.<\/li>\n<li style=\"text-align: left;\">Fellow del Colegio Americano de Cirujanos.<\/li>\n<li style=\"text-align: left;\">M\u00e9dica Cirujana Activa del Servicio de Cirug\u00eda General. Hospital Metropolitano. Quito \u2013 Ecuador.<\/li>\n<li style=\"text-align: left;\">Cirug\u00eda Laparosc\u00f3pica Digestiva y Cirug\u00eda Bari\u00e1trica en Le Centre Hospitalier Universitaire de Brest \u2013 Francia.<\/li>\n<\/ul>\n<p>[\/vc_column_text][vc_empty_space alter_height=&#8221;small&#8221; hide_on_desktop=&#8221;&#8221; hide_on_notebook=&#8221;&#8221; hide_on_tablet=&#8221;&#8221; hide_on_mobile=&#8221;&#8221; css=&#8221;.vc_custom_1511774743237{margin-bottom: -0.7rem !important;}&#8221;]<div class=\"sc_item_button sc_button_wrap sc_align_center\"><a href=\"https:\/\/draglendaherrera.com\/index.php\/2023\/03\/02\/dra-glenda-herrera\/\" id=\"sc_button_1679555249\" class=\"sc_button color_style_default sc_button_iconed alter_bg sc_button_size_normal sc_button_with_icon sc_button_icon_left\"><span class=\"sc_button_icon\"><span class=\"icon-double-right\"><\/span><\/span><\/a><!-- \/.sc_button --><\/div><!-- \/.sc_item_button --><\/div><\/div><!-- \/.sc_content -->[\/vc_column][\/vc_row][vc_row][vc_column][vc_empty_space alter_height=&#8221;huge&#8221; hide_on_desktop=&#8221;&#8221; hide_on_notebook=&#8221;&#8221; hide_on_tablet=&#8221;&#8221; hide_on_mobile=&#8221;&#8221; css=&#8221;.vc_custom_1511775046704{margin-top: -0.5rem !important;}&#8221;][\/vc_column][\/vc_row][vc_row][vc_column][vc_column_text]<\/p>\n<p>[\/vc_column_text][\/vc_column][\/vc_row][vc_row full_width=&#8221;stretch_row&#8221; css=&#8221;.vc_custom_1504624727913{background-color: #e4f2fd !important;}&#8221;][vc_column][vc_empty_space alter_height=&#8221;huge&#8221; hide_on_desktop=&#8221;&#8221; hide_on_notebook=&#8221;&#8221; hide_on_tablet=&#8221;&#8221; hide_on_mobile=&#8221;&#8221; css=&#8221;.vc_custom_1511775219596{margin-bottom: -0.8rem !important;}&#8221;]<div id=\"sc_services_532913561\" class=\"sc_services color_style_default sc_services_light sc_services_featured_top alter_bg\"><h6 class=\"sc_item_subtitle sc_services_subtitle sc_align_center sc_item_title_style_default\"><span>Dra. Glenda Herrera<\/span><\/h6><h3 class=\"sc_item_title sc_services_title sc_align_center sc_item_title_style_default\">Conoce m\u00e1s de tu m\u00e9dico<\/h3><div class=\"sc_item_descr sc_services_descr sc_align_center\"><p>La Dra. Glenda Herrera ha tenido una extensa trayectoria no solamente como cirujana, sino como docente, adem\u00e1s forma parte de varias sociedades m\u00e9dicas y de la directiva de las mismas.<\/p>\n<\/div><div class=\"sc_services_columns_wrap sc_item_columns sc_item_columns_3 trx_addons_columns_wrap columns_padding_bottom\"><div class=\"trx_addons_column-1_3\"><div class=\"sc_services_item with_content with_image sc_services_item_featured_top\">\n\t<div class=\"post_featured with_thumb hover_icon sc_services_item_thumb\"><img loading=\"lazy\" decoding=\"async\" width=\"406\" height=\"261\" src=\"https:\/\/draglendaherrera.com\/wp-content\/uploads\/2023\/03\/glenda-herrera-preguntas-scaled-e1677746483420-406x261.jpg\" class=\"attachment-angela-thumb-med size-angela-thumb-med wp-post-image\" alt=\"\" \/><div class=\"mask\"><\/div><div class=\"icons\"><a href=\"https:\/\/draglendaherrera.com\/index.php\/services\/our-mission\/\" aria-hidden=\"true\" class=\"icon-view\"><\/a><\/div><\/div>\t\n\t<div class=\"sc_services_item_info\">\n\t\t<div class=\"sc_services_item_header\">\n\t\t\t\t\t\t<h6 class=\"sc_services_item_title\"><a href=\"https:\/\/draglendaherrera.com\/index.php\/services\/our-mission\/\">Formaci\u00f3n y Sociedades<\/a><\/h6>\n\t\t<\/div>\n\t\t\t\t\t<div class=\"sc_services_item_content\"><p>Su formaci\u00f3n inici\u00f3 en la Universidad Central del Ecuador, d\u00f3nde tambi\u00e9n hizo su postgrado en Cirug\u00eda. Realiz\u00f3 un Fellow del Colegio Americano de Cirujanos, y es miembro de Sociedades como SEC, SECBAMET, IFSO y m\u00e1s. Lee m\u00e1s detalles aqu\u00ed.<\/p>\n<\/div>\n            <div class=\"sc_services_item_button sc_item_button\"><a href=\"https:\/\/draglendaherrera.com\/index.php\/services\/our-mission\/\" class=\"sc_button sc_button_iconed\"><span class=\"sc_button_icon\"><span class=\"icon-double-right\"><\/span><\/span><\/a><\/div>\n\t\t\t<\/div>\n<\/div>\n<\/div><div class=\"trx_addons_column-1_3\"><div class=\"sc_services_item with_content with_image sc_services_item_featured_top\">\n\t<div class=\"post_featured with_thumb hover_icon sc_services_item_thumb\"><img loading=\"lazy\" decoding=\"async\" width=\"406\" height=\"261\" src=\"https:\/\/draglendaherrera.com\/wp-content\/uploads\/2023\/02\/h2-406x261.png\" class=\"attachment-angela-thumb-med size-angela-thumb-med wp-post-image\" alt=\"\" \/><div class=\"mask\"><\/div><div class=\"icons\"><a href=\"https:\/\/draglendaherrera.com\/index.php\/services\/our-strategy\/\" aria-hidden=\"true\" class=\"icon-view\"><\/a><\/div><\/div>\t\n\t<div class=\"sc_services_item_info\">\n\t\t<div class=\"sc_services_item_header\">\n\t\t\t\t\t\t<h6 class=\"sc_services_item_title\"><a href=\"https:\/\/draglendaherrera.com\/index.php\/services\/our-strategy\/\">Entrenamiento y Cursos de Postgrado<\/a><\/h6>\n\t\t<\/div>\n\t\t\t\t\t<div class=\"sc_services_item_content\"><p>La Dra. Herrera se mantiene en constante capacitaci\u00f3n, ha realizado cursos de preparaci\u00f3n en Estados Unidos, Francias, M\u00e9xico, Colombia y muchos otros pa\u00edses m\u00e1s. En la actualidad est\u00e1 muy enfocada en su preparaci\u00f3n en Cirug\u00eda Rob\u00f3tica. Lee m\u00e1s detalles aqu\u00ed.<\/p>\n<\/div>\n            <div class=\"sc_services_item_button sc_item_button\"><a href=\"https:\/\/draglendaherrera.com\/index.php\/services\/our-strategy\/\" class=\"sc_button sc_button_iconed\"><span class=\"sc_button_icon\"><span class=\"icon-double-right\"><\/span><\/span><\/a><\/div>\n\t\t\t<\/div>\n<\/div>\n<\/div><div class=\"trx_addons_column-1_3\"><div class=\"sc_services_item with_content with_image sc_services_item_featured_top\">\n\t<div class=\"post_featured with_thumb hover_icon sc_services_item_thumb\"><img loading=\"lazy\" decoding=\"async\" width=\"406\" height=\"261\" src=\"https:\/\/draglendaherrera.com\/wp-content\/uploads\/2017\/09\/IMG_0651-copia-406x261.jpg\" class=\"attachment-angela-thumb-med size-angela-thumb-med wp-post-image\" alt=\"\" \/><div class=\"mask\"><\/div><div class=\"icons\"><a href=\"https:\/\/draglendaherrera.com\/index.php\/services\/our-income\/\" aria-hidden=\"true\" class=\"icon-view\"><\/a><\/div><\/div>\t\n\t<div class=\"sc_services_item_info\">\n\t\t<div class=\"sc_services_item_header\">\n\t\t\t\t\t\t<h6 class=\"sc_services_item_title\"><a href=\"https:\/\/draglendaherrera.com\/index.php\/services\/our-income\/\">Publicaciones<\/a><\/h6>\n\t\t<\/div>\n\t\t\t\t\t<div class=\"sc_services_item_content\"><p>La Dra. Herrera se involucra en investigaci\u00f3n y docencia, por lo tanto ha realizado varias publicaciones en revistas, papers y libros. Lee m\u00e1s detalles aqu\u00ed.<\/p>\n<\/div>\n            <div class=\"sc_services_item_button sc_item_button\"><a href=\"https:\/\/draglendaherrera.com\/index.php\/services\/our-income\/\" class=\"sc_button sc_button_iconed\"><span class=\"sc_button_icon\"><span class=\"icon-double-right\"><\/span><\/span><\/a><\/div>\n\t\t\t<\/div>\n<\/div>\n<\/div><\/div><\/div><!-- \/.sc_services -->[vc_empty_space alter_height=&#8221;medium&#8221; hide_on_desktop=&#8221;&#8221; hide_on_notebook=&#8221;&#8221; hide_on_tablet=&#8221;&#8221; hide_on_mobile=&#8221;&#8221;][\/vc_column][\/vc_row][vc_row full_width=&#8221;stretch_row&#8221; scheme=&#8221;dark&#8221; hide_bg_image_on_tablet=&#8221;&#8221; hide_bg_image_on_mobile=&#8221;&#8221; css=&#8221;.vc_custom_1677789341827{background-image: url(https:\/\/draglendaherrera.com\/wp-content\/uploads\/2023\/03\/CIRUGIA-ROBOTICA-QUITO.jpg?id=1255) !important;background-position: center !important;background-repeat: no-repeat !important;background-size: cover !important;}&#8221;][vc_column offset=&#8221;vc_col-md-offset-2 vc_col-md-8&#8243;][vc_empty_space alter_height=&#8221;huge&#8221; hide_on_desktop=&#8221;&#8221; hide_on_notebook=&#8221;&#8221; hide_on_tablet=&#8221;&#8221; hide_on_mobile=&#8221;&#8221; css=&#8221;.vc_custom_1511776404452{margin-bottom: 5.1rem !important;}&#8221;]<div id=\"sc_title_1546331169\"\r\n\t\tclass=\"sc_title color_style_default sc_title_default\"><h6 class=\"sc_item_subtitle sc_title_subtitle sc_align_center sc_item_title_style_default\"><span>Dra. Glenda Herrera<\/span><\/h6><h1 class=\"sc_item_title sc_title_title sc_align_center sc_item_title_style_default sc_item_title_tag\">Te invitamos a <i>conocer a tu futuro m\u00e9dico<\/i><\/h1><div class=\"sc_item_button sc_button_wrap sc_align_center\"><a href=\"https:\/\/draglendaherrera.com\/index.php\/agenda-una-cita\/\" id=\"sc_button_908608596\" class=\"sc_button color_style_default sc_button_default sc_item_button sc_item_button_default sc_title_button sc_button_size_normal sc_button_icon_left\"><span class=\"sc_button_text\"><span class=\"sc_button_title\">Agenda una Cita<\/span><\/span><!-- \/.sc_button_text --><\/a><!-- \/.sc_button --><\/div><!-- \/.sc_item_button --><\/div><!-- \/.sc_title -->[vc_empty_space alter_height=&#8221;large&#8221; hide_on_desktop=&#8221;&#8221; hide_on_notebook=&#8221;&#8221; hide_on_tablet=&#8221;&#8221; hide_on_mobile=&#8221;1&#8243;][vc_empty_space alter_height=&#8221;large&#8221; hide_on_desktop=&#8221;&#8221; hide_on_notebook=&#8221;&#8221; hide_on_tablet=&#8221;&#8221; hide_on_mobile=&#8221;1&#8243;][\/vc_column][\/vc_row][vc_row][vc_column][vc_empty_space alter_height=&#8221;large&#8221; hide_on_desktop=&#8221;&#8221; hide_on_notebook=&#8221;&#8221; hide_on_tablet=&#8221;&#8221; hide_on_mobile=&#8221;&#8221; css=&#8221;.vc_custom_1511777344623{margin-bottom: 1.3rem !important;}&#8221;][\/vc_column][\/vc_row][vc_row][vc_column icons_position=&#8221;left&#8221;]<div  id=\"sc_action_1371225330\" \r\n\tclass=\"sc_action color_style_default sc_action_simple\"><div class=\"sc_action_content sc_item_content\"><div class=\"sc_action_item sc_action_item_simple sc_action_item_ml\">\r\n\t\t\t<div class=\"sc_action_item_image\"><img loading=\"lazy\" decoding=\"async\" src=\"https:\/\/draglendaherrera.com\/wp-content\/uploads\/2017\/09\/send-a-message.png\" alt=\"\" width=\"96\" height=\"96\"><\/div><h3 class=\"sc_action_item_title\"><span>Agenda una cita<\/span><\/h3><a href=\"https:\/\/draglendaherrera.com\/index.php\/agenda-una-cita\/\" class=\"sc_action_item_link sc_button sc_button_size_small\">Agenda tu cita<\/a><\/div><\/div><\/div><!-- \/.sc_action -->[\/vc_column][\/vc_row][vc_row][vc_column][vc_empty_space alter_height=&#8221;large&#8221; hide_on_desktop=&#8221;&#8221; hide_on_notebook=&#8221;&#8221; hide_on_tablet=&#8221;&#8221; hide_on_mobile=&#8221;&#8221; css=&#8221;.vc_custom_1511777344623{margin-bottom: 1.3rem !important;}&#8221;][\/vc_column][\/vc_row][vc_row full_width=&#8221;stretch_row_content_no_spaces&#8221;][vc_column]<div id=\"sc_googlemap_67733505_wrap\" class=\"sc_googlemap_wrap\"><div id=\"sc_googlemap_67733505\"\r\n\t\t\tclass=\"sc_googlemap sc_googlemap_default\"\r\n\t\t\t style=\"width:100%;height:394px;\"\t\t\tdata-zoom=\"14\"\r\n\t\t\tdata-style=\"grey\"\r\n\t\t\tdata-cluster-icon=\"\"\r\n        ><iframe\r\n                    src=\"https:\/\/maps.google.com\/maps?t=m&output=embed&iwloc=near&z=14&q=Calle+San+Gabriel+s%2Fn+y+Nicol%C3%A1s+Arteta.+Quito%2C+Ecuador\"\r\n                    scrolling=\"no\"\r\n                    marginheight=\"0\"\r\n                    marginwidth=\"0\"\r\n                    frameborder=\"0\"\r\n                    aria-label=\"\"><\/iframe><\/div><\/div><!-- \/.sc_googlemap_wrap -->[\/vc_column][\/vc_row]<\/p>\n","protected":false},"excerpt":{"rendered":"<p>[vc_row][vc_column][vc_empty_space alter_height=&#8221;medium&#8221; hide_on_desktop=&#8221;&#8221; hide_on_notebook=&#8221;&#8221; hide_on_tablet=&#8221;&#8221; hide_on_mobile=&#8221;&#8221;][\/vc_column][\/vc_row][vc_row][vc_column][vc_column_text] [\/vc_column_text][\/vc_column][\/vc_row][vc_row][vc_column icons_position=&#8221;left&#8221; offset=&#8221;vc_col-md-offset-2 vc_col-md-8&#8243;][vc_empty_space alter_height=&#8221;large&#8221; hide_on_desktop=&#8221;&#8221; hide_on_notebook=&#8221;&#8221; hide_on_tablet=&#8221;&#8221; hide_on_mobile=&#8221;&#8221; css=&#8221;.vc_custom_1511774637018{margin-bottom: 0.7rem !important;}&#8221;][\/vc_column][\/vc_row][vc_row equal_height=&#8221;yes&#8221;][vc_column hide_bg_image_on_tablet=&#8221;&#8221; hide_bg_image_on_mobile=&#8221;&#8221; icons_position=&#8221;left&#8221; offset=&#8221;vc_col-md-7&#8243;][vc_images_carousel images=&#8221;1260,1261,1263&#8243; img_size=&#8221;full&#8221;][\/vc_column][vc_column icons_position=&#8221;left&#8221; offset=&#8221;vc_hidden-lg vc_hidden-md&#8221;][vc_empty_space alter_height=&#8221;huge&#8221; hide_on_desktop=&#8221;&#8221; hide_on_notebook=&#8221;&#8221; hide_on_tablet=&#8221;&#8221; hide_on_mobile=&#8221;&#8221;][\/vc_column][vc_column hide_bg_image_on_tablet=&#8221;&#8221; hide_bg_image_on_mobile=&#8221;&#8221; icons_position=&#8221;left&#8221; offset=&#8221;vc_col-md-5&#8243;][\/vc_column][\/vc_row][vc_row][vc_column][vc_empty_space alter_height=&#8221;huge&#8221; hide_on_desktop=&#8221;&#8221; hide_on_notebook=&#8221;&#8221; hide_on_tablet=&#8221;&#8221; hide_on_mobile=&#8221;&#8221; css=&#8221;.vc_custom_1511775046704{margin-top: -0.5rem !important;}&#8221;][\/vc_column][\/vc_row][vc_row][vc_column][vc_column_text] [\/vc_column_text][\/vc_column][\/vc_row][vc_row full_width=&#8221;stretch_row&#8221; css=&#8221;.vc_custom_1504624727913{background-color: #e4f2fd !important;}&#8221;][vc_column][vc_empty_space alter_height=&#8221;huge&#8221; hide_on_desktop=&#8221;&#8221; hide_on_notebook=&#8221;&#8221; hide_on_tablet=&#8221;&#8221; hide_on_mobile=&#8221;&#8221; css=&#8221;.vc_custom_1511775219596{margin-bottom: -0.8rem !important;}&#8221;][vc_empty_space alter_height=&#8221;medium&#8221; hide_on_desktop=&#8221;&#8221;&hellip;<\/p>\n","protected":false},"author":1,"featured_media":0,"parent":0,"menu_order":0,"comment_status":"closed","ping_status":"closed","template":"","meta":{"footnotes":""},"class_list":["post-410","page","type-page","status-publish","hentry"],"_links":{"self":[{"href":"https:\/\/draglendaherrera.com\/index.php\/wp-json\/wp\/v2\/pages\/410","targetHints":{"allow":["GET"]}}],"collection":[{"href":"https:\/\/draglendaherrera.com\/index.php\/wp-json\/wp\/v2\/pages"}],"about":[{"href":"https:\/\/draglendaherrera.com\/index.php\/wp-json\/wp\/v2\/types\/page"}],"author":[{"embeddable":true,"href":"https:\/\/draglendaherrera.com\/index.php\/wp-json\/wp\/v2\/users\/1"}],"replies":[{"embeddable":true,"href":"https:\/\/draglendaherrera.com\/index.php\/wp-json\/wp\/v2\/comments?post=410"}],"version-history":[{"count":13,"href":"https:\/\/draglendaherrera.com\/index.php\/wp-json\/wp\/v2\/pages\/410\/revisions"}],"predecessor-version":[{"id":1280,"href":"https:\/\/draglendaherrera.com\/index.php\/wp-json\/wp\/v2\/pages\/410\/revisions\/1280"}],"wp:attachment":[{"href":"https:\/\/draglendaherrera.com\/index.php\/wp-json\/wp\/v2\/media?parent=410"}],"curies":[{"name":"wp","href":"https:\/\/api.w.org\/{rel}","templated":true}]}}